{"id":7460,"date":"2025-08-12T15:07:50","date_gmt":"2025-08-12T21:07:50","guid":{"rendered":"https:\/\/quantumlab.mx\/?page_id=7460"},"modified":"2025-08-26T10:23:01","modified_gmt":"2025-08-26T16:23:01","slug":"lic-ana-maria-altamirano-morales","status":"publish","type":"page","link":"https:\/\/quantumlab.mx\/en\/scientific-equipment\/lic-ana-maria-altamirano-morales\/","title":{"rendered":"Ana Mar\u00eda Altamirano Morales, Esq."},"content":{"rendered":"<p>Ana Mar\u00eda Altamirano Morales is a Biologist graduated from the National Autonomous University of Mexico (UNAM), with training oriented to biomedical research and experience in experimental models of metabolic diseases and applied cell biology. Since January 2022, she is part of the Hematopoiesis and Leukemia Laboratory of the Morphology and Experimental Research Unit of the FES Zaragoza (UMIEZ), where she participates in research projects with impact on health and welfare.<\/p>\n\n\n\n<p>His most recent work focuses on the project <em>\u201cEffect of Sechium edule H387 07 hybrid on glucose lowering and modulation of oxidative stress and inflammation in a diabetic mouse model.\u201d<\/em>, which explores the potential of plant-derived bioactive compounds in the metabolic regulation and modulation of inflammatory processes.<\/p>\n\n\n\n<p>He has experience in:<\/p>\n\n\n\n<ul class=\"wp-block-list\">\n<li>Model management <strong>in vivo<\/strong> for diabetes and liver cirrhosis research.<\/li>\n\n\n\n<li>Laboratory techniques such as ELISA, APO-BrdU, flow cytometry and DNA damage assays.<\/li>\n\n\n\n<li>Cell culture and histopathological analysis.<\/li>\n\n\n\n<li>Organ harvesting and sample processing for experimental studies.<\/li>\n<\/ul>\n\n\n\n<p>In addition to her technical skills, she has performed administrative functions related to laboratory management: reviewing invoices, quoting reagents, dealing with suppliers and organizing academic events. She has also trained new members in laboratory procedures, ensuring the correct transmission of protocols and good scientific practices.<\/p>\n\n\n\n<p>He complements his training with specialized courses in clinical biochemistry, selected topics of clinical laboratory, reading of blood smears, accidental punctures and strategies with functional foods in clinical practice, which strengthens his multidisciplinary profile.<\/p>\n\n\n\n<p>Its trajectory reflects a balance between technical skills, organization and teamwork, with a constant commitment to quality in scientific research.<\/p>","protected":false},"excerpt":{"rendered":"<p>Ana Mar\u00eda Altamirano Morales es Bi\u00f3loga egresada de la Universidad Nacional Aut\u00f3noma de M\u00e9xico (UNAM), con formaci\u00f3n orientada a la investigaci\u00f3n biom\u00e9dica y experiencia en modelos experimentales de enfermedades metab\u00f3licas y en biolog\u00eda celular aplicada. Desde enero de 2022, forma parte del Laboratorio de Hematopoyesis y Leucemia de la Unidad de Morfolog\u00eda e Investigaci\u00f3n Experimental [&hellip;]<\/p>\n","protected":false},"author":1,"featured_media":8427,"parent":7373,"menu_order":0,"comment_status":"closed","ping_status":"closed","template":"","meta":{"_acf_changed":false,"site-sidebar-layout":"default","site-content-layout":"","ast-site-content-layout":"default","site-content-style":"default","site-sidebar-style":"default","ast-global-header-display":"","ast-banner-title-visibility":"","ast-main-header-display":"","ast-hfb-above-header-display":"","ast-hfb-below-header-display":"","ast-hfb-mobile-header-display":"","site-post-title":"","ast-breadcrumbs-content":"","ast-featured-img":"","footer-sml-layout":"","ast-disable-related-posts":"","theme-transparent-header-meta":"","adv-header-id-meta":"","stick-header-meta":"","header-above-stick-meta":"","header-main-stick-meta":"","header-below-stick-meta":"","astra-migrate-meta-layouts":"set","ast-page-background-enabled":"default","ast-page-background-meta":{"desktop":{"background-color":"","background-image":"","background-repeat":"repeat","background-position":"center center","background-size":"auto","background-attachment":"scroll","background-type":"","background-media":"","overlay-type":"","overlay-color":"","overlay-opacity":"","overlay-gradient":""},"tablet":{"background-color":"","background-image":"","background-repeat":"repeat","background-position":"center center","background-size":"auto","background-attachment":"scroll","background-type":"","background-media":"","overlay-type":"","overlay-color":"","overlay-opacity":"","overlay-gradient":""},"mobile":{"background-color":"","background-image":"","background-repeat":"repeat","background-position":"center center","background-size":"auto","background-attachment":"scroll","background-type":"","background-media":"","overlay-type":"","overlay-color":"","overlay-opacity":"","overlay-gradient":""}},"ast-content-background-meta":{"desktop":{"background-color":"var(--ast-global-color-5)","background-image":"","background-repeat":"repeat","background-position":"center center","background-size":"auto","background-attachment":"scroll","background-type":"","background-media":"","overlay-type":"","overlay-color":"","overlay-opacity":"","overlay-gradient":""},"tablet":{"background-color":"var(--ast-global-color-5)","background-image":"","background-repeat":"repeat","background-position":"center center","background-size":"auto","background-attachment":"scroll","background-type":"","background-media":"","overlay-type":"","overlay-color":"","overlay-opacity":"","overlay-gradient":""},"mobile":{"background-color":"var(--ast-global-color-5)","background-image":"","background-repeat":"repeat","background-position":"center center","background-size":"auto","background-attachment":"scroll","background-type":"","background-media":"","overlay-type":"","overlay-color":"","overlay-opacity":"","overlay-gradient":""}},"_joinchat":[],"footnotes":""},"class_list":["post-7460","page","type-page","status-publish","has-post-thumbnail","hentry"],"acf":[],"_links":{"self":[{"href":"https:\/\/quantumlab.mx\/en\/wp-json\/wp\/v2\/pages\/7460","targetHints":{"allow":["GET"]}}],"collection":[{"href":"https:\/\/quantumlab.mx\/en\/wp-json\/wp\/v2\/pages"}],"about":[{"href":"https:\/\/quantumlab.mx\/en\/wp-json\/wp\/v2\/types\/page"}],"author":[{"embeddable":true,"href":"https:\/\/quantumlab.mx\/en\/wp-json\/wp\/v2\/users\/1"}],"replies":[{"embeddable":true,"href":"https:\/\/quantumlab.mx\/en\/wp-json\/wp\/v2\/comments?post=7460"}],"version-history":[{"count":0,"href":"https:\/\/quantumlab.mx\/en\/wp-json\/wp\/v2\/pages\/7460\/revisions"}],"up":[{"embeddable":true,"href":"https:\/\/quantumlab.mx\/en\/wp-json\/wp\/v2\/pages\/7373"}],"wp:featuredmedia":[{"embeddable":true,"href":"https:\/\/quantumlab.mx\/en\/wp-json\/wp\/v2\/media\/8427"}],"wp:attachment":[{"href":"https:\/\/quantumlab.mx\/en\/wp-json\/wp\/v2\/media?parent=7460"}],"curies":[{"name":"wp","href":"https:\/\/api.w.org\/{rel}","templated":true}]}}